{"id":3,"date":"2023-08-14T16:51:31","date_gmt":"2023-08-14T14:51:31","guid":{"rendered":"http:\/\/www.personalshoppingnimes.fr\/?page_id=3"},"modified":"2025-12-24T14:24:14","modified_gmt":"2025-12-24T13:24:14","slug":"cgu","status":"publish","type":"page","link":"https:\/\/www.personalshoppingnimes.fr\/index.php\/cgu\/","title":{"rendered":"Conditions g\u00e9n\u00e9rales de vente"},"content":{"rendered":"\n<p><strong>Conditions g\u00e9n\u00e9rales d&rsquo;utilisation<\/strong><\/p>\n\n\n\n<p>En vigueur au 12\/03\/2023<\/p>\n\n\n\n<p>Les pr\u00e9sentes conditions g\u00e9n\u00e9rales d&rsquo;utilisation (dites \u00ab <strong>CGU<\/strong> \u00bb) ont pour objet l&rsquo;encadrement juridique des modalit\u00e9s de mise \u00e0 disposition du site et des services par La Dandy&nbsp; et de d\u00e9finir les conditions d\u2019acc\u00e8s et d\u2019utilisation des services par \u00ab <strong>l&rsquo;Utilisateur<\/strong> \u00bb.<\/p>\n\n\n\n<p>Les pr\u00e9sentes CGU sont accessibles sur le site \u00e0 la rubrique \u00ab<strong>CGU<\/strong>\u00bb.<\/p>\n\n\n\n<p><strong>Article 1 : Les mentions l\u00e9gales<\/strong><\/p>\n\n\n\n<p>L&rsquo;\u00e9dition du site www.personalshoppingnimes.fr est assur\u00e9e par la Soci\u00e9t\u00e9 Auto entreprise La Dandy, immatricul\u00e9e au RCS de N\u00eemes sous le num\u00e9ro 94979586800015, dont le si\u00e8ge social est situ\u00e9 au 26 A rue de la Comtesse<\/p>\n\n\n\n<p>Num\u00e9ro de t\u00e9l\u00e9phone 06 26 96 29 27<\/p>\n\n\n\n<p>Adresse e-mail : contact@personalshoppingnimes.fr.<\/p>\n\n\n\n<p>Le Directeur de la publication est : Andevert Anne-Laure<\/p>\n\n\n\n<p>L&rsquo;h\u00e9bergeur du site www.personalshoppingnimes.fr est la soci\u00e9t\u00e9 WordPress, dont le si\u00e8ge social est situ\u00e9 au 60 29th Street #343 San Francisco, CA 94110 United States of America, avec le num\u00e9ro de t\u00e9l\u00e9phone : (877) 273-3049.<\/p>\n\n\n\n<p><strong>ARTICLE 2 : Acc\u00e8s au site<\/strong><\/p>\n\n\n\n<p>Le site www.personalshoppingnimes.fr&nbsp; permet \u00e0 l&rsquo;Utilisateur un acc\u00e8s gratuit aux services suivants :<\/p>\n\n\n\n<p>Le site internet propose les services suivants :<\/p>\n\n\n\n<p>Conseil en image, personal shopping<\/p>\n\n\n\n<p>Le site est accessible gratuitement en tout lieu \u00e0 tout Utilisateur ayant un acc\u00e8s \u00e0 Internet. Tous les frais support\u00e9s par l&rsquo;Utilisateur pour acc\u00e9der au service (mat\u00e9riel informatique, logiciels, connexion Internet, etc.) sont \u00e0 sa charge.<\/p>\n\n\n\n<p><strong>ARTICLE 3 : Collecte des donn\u00e9es<\/strong><\/p>\n\n\n\n<p>Le site assure \u00e0 l&rsquo;Utilisateur une collecte et un traitement d&rsquo;informations personnelles dans le respect de la vie priv\u00e9e conform\u00e9ment \u00e0 la loi n\u00b078-17 du 6 janvier 1978 relative \u00e0 l&rsquo;informatique, aux fichiers et aux libert\u00e9s.<\/p>\n\n\n\n<p>En vertu de la loi Informatique et Libert\u00e9s, en date du 6 janvier 1978, l&rsquo;Utilisateur dispose d&rsquo;un droit d&rsquo;acc\u00e8s, de rectification, de suppression et d&rsquo;opposition de ses donn\u00e9es personnelles. L&rsquo;Utilisateur exerce ce droit :<\/p>\n\n\n\n<p>\u00b7 &nbsp; &nbsp; &nbsp; &nbsp; via un formulaire de contact ;<\/p>\n\n\n\n<p><strong>ARTICLE 4 : Propri\u00e9t\u00e9 intellectuelle<\/strong><\/p>\n\n\n\n<p>Les marques, logos, signes ainsi que tous les contenus du site (textes, images, son\u2026) font l&rsquo;objet d&rsquo;une protection par le Code de la propri\u00e9t\u00e9 intellectuelle et plus particuli\u00e8rement par le droit d&rsquo;auteur.<\/p>\n\n\n\n<p>L&rsquo;Utilisateur doit solliciter l&rsquo;autorisation pr\u00e9alable du site pour toute reproduction, publication, copie des diff\u00e9rents contenus. Il s&rsquo;engage \u00e0 une utilisation des contenus du site dans un cadre strictement priv\u00e9, toute utilisation \u00e0 des fins commerciales et publicitaires est strictement interdite.<\/p>\n\n\n\n<p>Toute repr\u00e9sentation totale ou partielle de ce site par quelque proc\u00e9d\u00e9 que ce soit, sans l\u2019autorisation expresse de l\u2019exploitant du site Internet constituerait une contrefa\u00e7on sanctionn\u00e9e par l\u2019article L 335-2 et suivants du Code de la propri\u00e9t\u00e9 intellectuelle.<\/p>\n\n\n\n<p>Il est rappel\u00e9 conform\u00e9ment \u00e0 l\u2019article L122-5 du Code de propri\u00e9t\u00e9 intellectuelle que l\u2019Utilisateur qui reproduit, copie ou publie le contenu prot\u00e9g\u00e9 doit citer l\u2019auteur et sa source.<\/p>\n\n\n\n<p><strong>ARTICLE 5 : Responsabilit\u00e9<\/strong><\/p>\n\n\n\n<p>Les sources des informations diffus\u00e9es sur le site www.personalshoppingnimes.fr sont r\u00e9put\u00e9es fiables mais le site ne garantit pas qu\u2019il soit exempt de d\u00e9fauts, d\u2019erreurs ou d\u2019omissions.<\/p>\n\n\n\n<p>Les informations communiqu\u00e9es sont pr\u00e9sent\u00e9es \u00e0 titre indicatif et g\u00e9n\u00e9ral sans valeur contractuelle. Malgr\u00e9 des mises \u00e0 jour r\u00e9guli\u00e8res, le site www.personalshoppingnimes.fr ne peut \u00eatre tenu responsable de la modification des dispositions administratives et juridiques survenant apr\u00e8s la publication. De m\u00eame, le site ne peut \u00eatre tenue responsable de l\u2019utilisation et de l\u2019interpr\u00e9tation de l\u2019information contenue dans ce site.<\/p>\n\n\n\n<p>Le site www.personalshoppingnimes.fr ne peut \u00eatre tenu pour responsable d\u2019\u00e9ventuels virus qui pourraient infecter l\u2019ordinateur ou tout mat\u00e9riel informatique de l\u2019Internaute, suite \u00e0 une utilisation, \u00e0 l\u2019acc\u00e8s, ou au t\u00e9l\u00e9chargement provenant de ce site.<\/p>\n\n\n\n<p>La responsabilit\u00e9 du site ne peut \u00eatre engag\u00e9e en cas de force majeure ou du fait impr\u00e9visible et insurmontable d&rsquo;un tiers.<\/p>\n\n\n\n<p><strong>ARTICLE 6 : Liens hypertextes<\/strong><\/p>\n\n\n\n<p>Des liens hypertextes peuvent \u00eatre pr\u00e9sents sur le site. L\u2019Utilisateur est inform\u00e9 qu\u2019en cliquant sur ces liens, il sortira du site www.personalshoppingnimes.fr. Ce dernier n\u2019a pas de contr\u00f4le sur les pages web sur lesquelles aboutissent ces liens et ne saurait, en aucun cas, \u00eatre responsable de leur contenu.<\/p>\n\n\n\n<p><strong>ARTICLE 7 : Cookies<\/strong><\/p>\n\n\n\n<p>L\u2019Utilisateur est inform\u00e9 que lors de ses visites sur le site, un cookie peut s\u2019installer automatiquement sur son logiciel de navigation.<\/p>\n\n\n\n<p>Les cookies sont de petits fichiers stock\u00e9s temporairement sur le disque dur de l\u2019ordinateur de l\u2019Utilisateur par votre navigateur et qui sont n\u00e9cessaires \u00e0 l\u2019utilisation du site www.personalshoppingnimes.fr. Les cookies ne contiennent pas d\u2019information personnelle et ne peuvent pas \u00eatre utilis\u00e9s pour identifier quelqu\u2019un. Un cookie contient un identifiant unique, g\u00e9n\u00e9r\u00e9 al\u00e9atoirement et donc anonyme. Certains cookies expirent \u00e0 la fin de la visite de l\u2019Utilisateur, d\u2019autres restent.<\/p>\n\n\n\n<p>L\u2019information contenue dans les cookies est utilis\u00e9e pour am\u00e9liorer le site www.personalshoppingnimes.fr.<\/p>\n\n\n\n<p>En naviguant sur le site, L\u2019Utilisateur les accepte.<\/p>\n\n\n\n<p>L\u2019Utilisateur doit toutefois donner son consentement quant \u00e0 l\u2019utilisation de certains cookies.<\/p>\n\n\n\n<p>A d\u00e9faut d\u2019acceptation, l\u2019Utilisateur est inform\u00e9 que certaines fonctionnalit\u00e9s ou pages risquent de lui \u00eatre refus\u00e9es.<\/p>\n\n\n\n<p>L\u2019Utilisateur pourra d\u00e9sactiver ces cookies par l\u2019interm\u00e9diaire des param\u00e8tres figurant au sein de son logiciel de navigation.<\/p>\n\n\n\n<p><strong>ARTICLE 8 : Droit applicable et juridiction comp\u00e9tente<\/strong><\/p>\n\n\n\n<p>La l\u00e9gislation fran\u00e7aise s&rsquo;applique au pr\u00e9sent contrat. En cas d&rsquo;absence de r\u00e9solution amiable d&rsquo;un litige n\u00e9 entre les parties, les tribunaux fran\u00e7ais seront seuls comp\u00e9tents pour en conna\u00eetre.<\/p>\n\n\n\n<p>Pour toute question relative \u00e0 l\u2019application des pr\u00e9sentes CGU, vous pouvez joindre l\u2019\u00e9diteur aux coordonn\u00e9es inscrites \u00e0 l\u2019ARTICLE 1.<\/p>\n\n\n\n<p>CGU r\u00e9alis\u00e9es sur http:\/\/legalplace.fr\/<\/p>\n","protected":false},"excerpt":{"rendered":"<p>Conditions g\u00e9n\u00e9rales d&rsquo;utilisation En vigueur au 12\/03\/2023 Les pr\u00e9sentes conditions g\u00e9n\u00e9rales d&rsquo;utilisation (dites \u00ab CGU \u00bb) ont pour objet l&rsquo;encadrement juridique des modalit\u00e9s de mise \u00e0 disposition du site et des services par La Dandy&nbsp; et de d\u00e9finir les conditions d\u2019acc\u00e8s et d\u2019utilisation des services par \u00ab l&rsquo;Utilisateur \u00bb. Les pr\u00e9sentes CGU sont accessibles sur [&hellip;]<\/p>\n","protected":false},"author":1,"featured_media":0,"parent":0,"menu_order":0,"comment_status":"closed","ping_status":"closed","template":"","meta":{"footnotes":""},"class_list":["post-3","page","type-page","status-publish","hentry"],"yoast_head":"<!-- This site is optimized with the Yoast SEO plugin v22.1 - https:\/\/yoast.com\/wordpress\/plugins\/seo\/ -->\n<title>Conditions g\u00e9n\u00e9rales de vente - La Dandy Personal Shopping N\u00eemes<\/title>\n<meta name=\"description\" content=\"Conditions g\u00e9n\u00e9rales de vente\" \/>\n<meta name=\"robots\" content=\"index, follow, max-snippet:-1, max-image-preview:large, max-video-preview:-1\" \/>\n<link rel=\"canonical\" href=\"https:\/\/www.personalshoppingnimes.fr\/index.php\/cgu\/\" \/>\n<meta property=\"og:locale\" content=\"fr_FR\" \/>\n<meta property=\"og:type\" content=\"article\" \/>\n<meta property=\"og:title\" content=\"Conditions g\u00e9n\u00e9rales de vente - La Dandy Personal Shopping N\u00eemes\" \/>\n<meta property=\"og:description\" content=\"Conditions g\u00e9n\u00e9rales de vente\" \/>\n<meta property=\"og:url\" content=\"https:\/\/www.personalshoppingnimes.fr\/index.php\/cgu\/\" \/>\n<meta property=\"og:site_name\" content=\"La Dandy Personal Shopping N\u00eemes\" \/>\n<meta property=\"article:modified_time\" content=\"2025-12-24T13:24:14+00:00\" \/>\n<meta name=\"twitter:card\" content=\"summary_large_image\" \/>\n<meta name=\"twitter:label1\" content=\"Dur\u00e9e de lecture estim\u00e9e\" \/>\n\t<meta name=\"twitter:data1\" content=\"5 minutes\" \/>\n<script type=\"application\/ld+json\" class=\"yoast-schema-graph\">{\"@context\":\"https:\/\/schema.org\",\"@graph\":[{\"@type\":\"WebPage\",\"@id\":\"https:\/\/www.personalshoppingnimes.fr\/index.php\/cgu\/\",\"url\":\"https:\/\/www.personalshoppingnimes.fr\/index.php\/cgu\/\",\"name\":\"Conditions g\u00e9n\u00e9rales de vente - La Dandy Personal Shopping N\u00eemes\",\"isPartOf\":{\"@id\":\"https:\/\/www.personalshoppingnimes.fr\/#website\"},\"datePublished\":\"2023-08-14T14:51:31+00:00\",\"dateModified\":\"2025-12-24T13:24:14+00:00\",\"description\":\"Conditions g\u00e9n\u00e9rales de vente\",\"breadcrumb\":{\"@id\":\"https:\/\/www.personalshoppingnimes.fr\/index.php\/cgu\/#breadcrumb\"},\"inLanguage\":\"fr-FR\",\"potentialAction\":[{\"@type\":\"ReadAction\",\"target\":[\"https:\/\/www.personalshoppingnimes.fr\/index.php\/cgu\/\"]}]},{\"@type\":\"BreadcrumbList\",\"@id\":\"https:\/\/www.personalshoppingnimes.fr\/index.php\/cgu\/#breadcrumb\",\"itemListElement\":[{\"@type\":\"ListItem\",\"position\":1,\"name\":\"Accueil\",\"item\":\"https:\/\/www.personalshoppingnimes.fr\/\"},{\"@type\":\"ListItem\",\"position\":2,\"name\":\"Conditions g\u00e9n\u00e9rales de vente\"}]},{\"@type\":\"WebSite\",\"@id\":\"https:\/\/www.personalshoppingnimes.fr\/#website\",\"url\":\"https:\/\/www.personalshoppingnimes.fr\/\",\"name\":\"La Dandy Personal Shopping N\u00eemes\",\"description\":\"\",\"potentialAction\":[{\"@type\":\"SearchAction\",\"target\":{\"@type\":\"EntryPoint\",\"urlTemplate\":\"https:\/\/www.personalshoppingnimes.fr\/?s={search_term_string}\"},\"query-input\":\"required name=search_term_string\"}],\"inLanguage\":\"fr-FR\"}]}<\/script>\n<!-- \/ Yoast SEO plugin. -->","yoast_head_json":{"title":"Conditions g\u00e9n\u00e9rales de vente - La Dandy Personal Shopping N\u00eemes","description":"Conditions g\u00e9n\u00e9rales de vente","robots":{"index":"index","follow":"follow","max-snippet":"max-snippet:-1","max-image-preview":"max-image-preview:large","max-video-preview":"max-video-preview:-1"},"canonical":"https:\/\/www.personalshoppingnimes.fr\/index.php\/cgu\/","og_locale":"fr_FR","og_type":"article","og_title":"Conditions g\u00e9n\u00e9rales de vente - La Dandy Personal Shopping N\u00eemes","og_description":"Conditions g\u00e9n\u00e9rales de vente","og_url":"https:\/\/www.personalshoppingnimes.fr\/index.php\/cgu\/","og_site_name":"La Dandy Personal Shopping N\u00eemes","article_modified_time":"2025-12-24T13:24:14+00:00","twitter_card":"summary_large_image","twitter_misc":{"Dur\u00e9e de lecture estim\u00e9e":"5 minutes"},"schema":{"@context":"https:\/\/schema.org","@graph":[{"@type":"WebPage","@id":"https:\/\/www.personalshoppingnimes.fr\/index.php\/cgu\/","url":"https:\/\/www.personalshoppingnimes.fr\/index.php\/cgu\/","name":"Conditions g\u00e9n\u00e9rales de vente - La Dandy Personal Shopping N\u00eemes","isPartOf":{"@id":"https:\/\/www.personalshoppingnimes.fr\/#website"},"datePublished":"2023-08-14T14:51:31+00:00","dateModified":"2025-12-24T13:24:14+00:00","description":"Conditions g\u00e9n\u00e9rales de vente","breadcrumb":{"@id":"https:\/\/www.personalshoppingnimes.fr\/index.php\/cgu\/#breadcrumb"},"inLanguage":"fr-FR","potentialAction":[{"@type":"ReadAction","target":["https:\/\/www.personalshoppingnimes.fr\/index.php\/cgu\/"]}]},{"@type":"BreadcrumbList","@id":"https:\/\/www.personalshoppingnimes.fr\/index.php\/cgu\/#breadcrumb","itemListElement":[{"@type":"ListItem","position":1,"name":"Accueil","item":"https:\/\/www.personalshoppingnimes.fr\/"},{"@type":"ListItem","position":2,"name":"Conditions g\u00e9n\u00e9rales de vente"}]},{"@type":"WebSite","@id":"https:\/\/www.personalshoppingnimes.fr\/#website","url":"https:\/\/www.personalshoppingnimes.fr\/","name":"La Dandy Personal Shopping N\u00eemes","description":"","potentialAction":[{"@type":"SearchAction","target":{"@type":"EntryPoint","urlTemplate":"https:\/\/www.personalshoppingnimes.fr\/?s={search_term_string}"},"query-input":"required name=search_term_string"}],"inLanguage":"fr-FR"}]}},"_links":{"self":[{"href":"https:\/\/www.personalshoppingnimes.fr\/index.php\/wp-json\/wp\/v2\/pages\/3","targetHints":{"allow":["GET"]}}],"collection":[{"href":"https:\/\/www.personalshoppingnimes.fr\/index.php\/wp-json\/wp\/v2\/pages"}],"about":[{"href":"https:\/\/www.personalshoppingnimes.fr\/index.php\/wp-json\/wp\/v2\/types\/page"}],"author":[{"embeddable":true,"href":"https:\/\/www.personalshoppingnimes.fr\/index.php\/wp-json\/wp\/v2\/users\/1"}],"replies":[{"embeddable":true,"href":"https:\/\/www.personalshoppingnimes.fr\/index.php\/wp-json\/wp\/v2\/comments?post=3"}],"version-history":[{"count":2,"href":"https:\/\/www.personalshoppingnimes.fr\/index.php\/wp-json\/wp\/v2\/pages\/3\/revisions"}],"predecessor-version":[{"id":468,"href":"https:\/\/www.personalshoppingnimes.fr\/index.php\/wp-json\/wp\/v2\/pages\/3\/revisions\/468"}],"wp:attachment":[{"href":"https:\/\/www.personalshoppingnimes.fr\/index.php\/wp-json\/wp\/v2\/media?parent=3"}],"curies":[{"name":"wp","href":"https:\/\/api.w.org\/{rel}","templated":true}]}}